{"id":24763,"date":"2017-04-29T23:06:24","date_gmt":"2017-04-29T23:06:24","guid":{"rendered":"http:\/\/www.mfdsgn.com\/mfd\/?page_id=24763"},"modified":"2023-09-11T10:27:36","modified_gmt":"2023-09-11T08:27:36","slug":"ueberuns","status":"publish","type":"page","link":"https:\/\/ssv-wesel.com\/index.php\/ueberuns\/","title":{"rendered":"\u00dcber uns"},"content":{"rendered":"<div class=\"wpb-content-wrapper\"><p>[vc_row full_width=&#8220;stretch_row&#8220; enable_first_overlay=&#8220;true&#8220; first_overlay_opacity=&#8220;25&#8243; css=&#8220;.vc_custom_1614083810495{padding-bottom: 0px !important;background-position: center !important;background-repeat: no-repeat !important;background-size: cover !important;}&#8220; el_id=&#8220;video&#8220;][vc_column alignment=&#8220;center&#8220;][vc_empty_space][vc_separator color=&#8220;custom&#8220; style=&#8220;dotted&#8220; border_width=&#8220;3&#8243; el_width=&#8220;90&#8243; accent_color=&#8220;#245b8c&#8220;][vc_empty_space][vc_column_text]<\/p>\n<h1 style=\"text-align: center;\">\u00dcber uns<\/h1>\n<p>[\/vc_column_text][vc_separator color=&#8220;custom&#8220; style=&#8220;dotted&#8220; border_width=&#8220;3&#8243; el_width=&#8220;10&#8243; accent_color=&#8220;#245b8c&#8220;][\/vc_column][\/vc_row][vc_row css=&#8220;.vc_custom_1481251098287{padding-top: 60px !important;}&#8220;][vc_column width=&#8220;1\/2&#8243; css=&#8220;.vc_custom_1483091625241{padding-top: 0px !important;}&#8220;][vc_empty_space][vc_column_text]Die Aufgaben des Stadtsportverbandes sind insbesondere: Sicherung der Zusammenarbeit allen seinen Mitgliedsvereine, Vertretung der Interessen seiner Mitglieder gegen\u00fcber den Beh\u00f6rden, Durchf\u00fchrung gemeinsamer Sportveranstaltungen, Veranstaltung von Stadtmeisterschaften, wobei einem Verein die Ausrichtung im Rahmen besonderer Durchf\u00fchrungsbestimmungen \u00fcbertragen wird, Zusammenarbeit mit den Sportfachverb\u00e4nden und den Sportb\u00fcnden, Unterst\u00fctzung des Sportgedankens in den Schulen.<\/p>\n<p>Mitglieder des SSV k\u00f6nnen alle Sportvereine Wesels werden, die einem vom Landessportbund Nordrhein-Westfalen e.V. anerkannten Fachverband angeh\u00f6ren und vom Finanzamt als gemeinn\u00fctzige K\u00f6rperschaft anerkannt sind.<\/p>\n<p>Der Verband verfolgt ausschlie\u00dflich gemeinn\u00fctzige Zwecke. Er ist selbstlos t\u00e4tig, er verfolgt keine eigenwirtschaftlichen Zwecke. Die Mitglieder erhalten keine Zuwendungen aus Mitteln des Verbandes.<\/p>\n<p>Das oberste Organ des SSV ist die Mitgliederversammlung. Sie w\u00e4hlt den Vorstand, in jedem Jahr die H\u00e4lfte der Mitglieder f\u00fcr zwei Jahre, so dass die Kontinuit\u00e4t gewahrt ist.[\/vc_column_text][vc_empty_space][\/vc_column][vc_column width=&#8220;1\/2&#8243;][vc_row_inner][vc_column_inner][vc_column_text]<\/p>\n<h3 class=\"mpc-icon-column__heading mpc-transition\" style=\"text-align: center;\"><img data-recalc-dims=\"1\" loading=\"lazy\" decoding=\"async\" class=\"alignnone size-full wp-image-34539\" src=\"https:\/\/i0.wp.com\/ssv-wesel.com\/wp-content\/uploads\/2023\/03\/1.jpg?resize=82%2C80&#038;ssl=1\" alt=\"\" width=\"82\" height=\"80\" srcset=\"https:\/\/i0.wp.com\/ssv-wesel.com\/wp-content\/uploads\/2023\/03\/1.jpg?w=82&amp;ssl=1 82w, https:\/\/i0.wp.com\/ssv-wesel.com\/wp-content\/uploads\/2023\/03\/1.jpg?resize=45%2C45&amp;ssl=1 45w\" sizes=\"auto, (max-width: 82px) 100vw, 82px\" \/><\/h3>\n<h3 class=\"mpc-icon-column__heading mpc-transition\" style=\"text-align: center;\">AUFGABEN<\/h3>\n<div class=\"mpc-icon-column__description mpc-transition\">\n<div class=\"aio-icon-description ult-responsive\" data-ultimate-target=\"#Info-box-wrap-9227 .aio-icon-description\" data-responsive-json-new=\"{&quot;font-size&quot;:&quot;desktop:14px;&quot;,&quot;line-height&quot;:&quot;desktop:22px;&quot;}\">\n<h4 style=\"text-align: center;\"><strong>Sportf\u00f6rdermittel<\/strong><\/h4>\n<p style=\"text-align: center;\"><em>Beratung Fachbereich Jugend, Schule und Sport bei Vergabe der F\u00f6rdermittel<\/em><\/p>\n<h4 style=\"text-align: center;\"><strong>Sportabzeichen<\/strong><\/h4>\n<p style=\"text-align: center;\"><em>Organisation der Abnahme des Deutschen Sportabzeichen<\/em><\/p>\n<h4 style=\"text-align: center;\"><strong>Ehrung<\/strong><\/h4>\n<p style=\"text-align: center;\"><em>Ehrenamtlicher Funkion\u00e4re und herausragender Sportler\/innen\u00a0<\/em><\/p>\n<h4 style=\"text-align: center;\"><strong>Veranstaltungen<\/strong><\/h4>\n<p style=\"text-align: center;\"><em>Hanse-Citylauf im Herzen der Stadt Wesel \u2013 Sport f\u00fcr Jung und Alt<\/em><\/p>\n<\/div>\n<\/div>\n<p>[\/vc_column_text][\/vc_column_inner][\/vc_row_inner][\/vc_column][\/vc_row][vc_row full_width=&#8220;stretch_row_content_no_spaces&#8220; enable_first_overlay=&#8220;true&#8220; first_overlay_opacity=&#8220;25&#8243; enable_parallax=&#8220;true&#8220; parallax_background=&#8220;31373&#8243; parallax_style=&#8220;fixed&#8220; css=&#8220;.vc_custom_1679757965467{background-image: url(https:\/\/ssv-wesel.com\/wp-content\/uploads\/2019\/11\/spdmhg.png?id=31373) !important;background-position: center !important;background-repeat: no-repeat !important;background-size: cover !important;}&#8220;][vc_column width=&#8220;1\/4&#8243;][\/vc_column][vc_column width=&#8220;1\/4&#8243;][vc_empty_space][vc_column_text]<\/p>\n<h3 class=\"mpc-callout__heading\"><span style=\"color: #ffffff;\">Derzeitiger Vorstand<\/span><\/h3>\n<div class=\"mpc-callout__description\">\n<p><span style=\"color: #ffffff;\">Ansprechpartner des Stadtsportverband Wesel e. V.<\/span><\/p>\n<\/div>\n<p>[\/vc_column_text][vc_empty_space][\/vc_column][vc_column width=&#8220;1\/4&#8243;][vc_empty_space][vc_btn title=&#8220;Vorstandsmitglieder&#8220; style=&#8220;outline&#8220; color=&#8220;white&#8220; link=&#8220;url:https%3A%2F%2Fssv-wesel.com%2Findex.php%2Fueberuns%2Fvorstand%2F|title:SSV-Vorstand&#8220;][vc_empty_space][\/vc_column][vc_column width=&#8220;1\/4&#8243;][\/vc_column][\/vc_row][vc_row full_width=&#8220;stretch_row&#8220; enable_first_overlay=&#8220;true&#8220; first_overlay_opacity=&#8220;25&#8243; css=&#8220;.vc_custom_1679757954540{padding-bottom: 0px !important;background-position: center !important;background-repeat: no-repeat !important;background-size: cover !important;}&#8220;][vc_column alignment=&#8220;center&#8220;][vc_empty_space][vc_column_text]<\/p>\n<h1 style=\"text-align: center;\">Sponsoren &amp; Partner<\/h1>\n<p>[\/vc_column_text][vc_separator color=&#8220;custom&#8220; style=&#8220;dotted&#8220; border_width=&#8220;3&#8243; el_width=&#8220;10&#8243; accent_color=&#8220;#245b8c&#8220;][vc_empty_space][\/vc_column][\/vc_row][vc_row][vc_column width=&#8220;1\/2&#8243;][vc_masonry_media_grid element_width=&#8220;6&#8243; gap=&#8220;30&#8243; grid_id=&#8220;vc_gid:1694420821180-6c035873-f476-3&#8243; include=&#8220;34923,34924&#8243;][\/vc_column][vc_column width=&#8220;1\/2&#8243;][vc_masonry_media_grid gap=&#8220;30&#8243; grid_id=&#8220;vc_gid:1694420792660-4cd922aa-cdd2-9&#8243; include=&#8220;34925,34922,34921&#8243;][\/vc_column][\/vc_row][vc_row][vc_column][vc_empty_space][vc_separator color=&#8220;custom&#8220; style=&#8220;dotted&#8220; border_width=&#8220;3&#8243; el_width=&#8220;70&#8243; accent_color=&#8220;#245b8c&#8220;][\/vc_column][\/vc_row]<\/p>\n<\/div>","protected":false},"excerpt":{"rendered":"<p>[vc_row full_width=&#8220;stretch_row&#8220; enable_first_overlay=&#8220;true&#8220; first_overlay_opacity=&#8220;25&#8243; css=&#8220;.vc_custom_1614083810495{padding-bottom: 0px !important;background-position: center !important;background-repeat: no-repeat !important;background-size: cover !important;}&#8220; el_id=&#8220;video&#8220;][vc_column alignment=&#8220;center&#8220;][vc_empty_space][vc_separator color=&#8220;custom&#8220; style=&#8220;dotted&#8220; border_width=&#8220;3&#8243; el_width=&#8220;90&#8243; accent_color=&#8220;#245b8c&#8220;][vc_empty_space][vc_column_text] \u00dcber uns [\/vc_column_text][vc_separator color=&#8220;custom&#8220; style=&#8220;dotted&#8220; border_width=&#8220;3&#8243; el_width=&#8220;10&#8243; accent_color=&#8220;#245b8c&#8220;][\/vc_column][\/vc_row][vc_row css=&#8220;.vc_custom_1481251098287{padding-top: 60px !important;}&#8220;][vc_column width=&#8220;1\/2&#8243; css=&#8220;.vc_custom_1483091625241{padding-top: 0px !important;}&#8220;][vc_empty_space][vc_column_text]Die Aufgaben des Stadtsportverbandes sind insbesondere: Sicherung der Zusammenarbeit allen seinen Mitgliedsvereine, Vertretung der Interessen seiner Mitglieder gegen\u00fcber den Beh\u00f6rden, Durchf\u00fchrung [&hellip;]<\/p>\n","protected":false},"author":1,"featured_media":0,"parent":0,"menu_order":0,"comment_status":"closed","ping_status":"closed","template":"","meta":{"site-sidebar-layout":"no-sidebar","site-content-layout":"plain-container","ast-site-content-layout":"normal-width-container","site-content-style":"unboxed","site-sidebar-style":"unboxed","ast-global-header-display":"","ast-banner-title-visibility":"","ast-main-header-display":"","ast-hfb-above-header-display":"","ast-hfb-below-header-display":"","ast-hfb-mobile-header-display":"","site-post-title":"disabled","ast-breadcrumbs-content":"","ast-featured-img":"disabled","footer-sml-layout":"","ast-disable-related-posts":"","theme-transparent-header-meta":"default","adv-header-id-meta":"","stick-header-meta":"","header-above-stick-meta":"","header-main-stick-meta":"","header-below-stick-meta":"","astra-migrate-meta-layouts":"set","ast-page-background-enabled":"default","ast-page-background-meta":{"desktop":{"background-color":"var(--ast-global-color-4)","background-image":"","background-repeat":"repeat","background-position":"center center","background-size":"auto","background-attachment":"scroll","background-type":"","background-media":"","overlay-type":"","overlay-color":"","overlay-opacity":"","overlay-gradient":""},"tablet":{"background-color":"","background-image":"","background-repeat":"repeat","background-position":"center center","background-size":"auto","background-attachment":"scroll","background-type":"","background-media":"","overlay-type":"","overlay-color":"","overlay-opacity":"","overlay-gradient":""},"mobile":{"background-color":"","background-image":"","background-repeat":"repeat","background-position":"center center","background-size":"auto","background-attachment":"scroll","background-type":"","background-media":"","overlay-type":"","overlay-color":"","overlay-opacity":"","overlay-gradient":""}},"ast-content-background-meta":{"desktop":{"background-color":"var(--ast-global-color-5)","background-image":"","background-repeat":"repeat","background-position":"center center","background-size":"auto","background-attachment":"scroll","background-type":"","background-media":"","overlay-type":"","overlay-color":"","overlay-opacity":"","overlay-gradient":""},"tablet":{"background-color":"var(--ast-global-color-5)","background-image":"","background-repeat":"repeat","background-position":"center center","background-size":"auto","background-attachment":"scroll","background-type":"","background-media":"","overlay-type":"","overlay-color":"","overlay-opacity":"","overlay-gradient":""},"mobile":{"background-color":"var(--ast-global-color-5)","background-image":"","background-repeat":"repeat","background-position":"center center","background-size":"auto","background-attachment":"scroll","background-type":"","background-media":"","overlay-type":"","overlay-color":"","overlay-opacity":"","overlay-gradient":""}},"footnotes":""},"class_list":["post-24763","page","type-page","status-publish","hentry"],"yoast_head":"<!-- This site is optimized with the Yoast SEO plugin v27.5 - https:\/\/yoast.com\/product\/yoast-seo-wordpress\/ -->\n<title>\u00dcber uns<\/title>\n<meta name=\"robots\" content=\"index, follow, max-snippet:-1, max-image-preview:large, max-video-preview:-1\" \/>\n<link rel=\"canonical\" href=\"https:\/\/ssv-wesel.com\/index.php\/ueberuns\/\" \/>\n<meta property=\"og:locale\" content=\"de_DE\" \/>\n<meta property=\"og:type\" content=\"article\" \/>\n<meta property=\"og:title\" content=\"\u00dcber uns\" \/>\n<meta property=\"og:description\" content=\"[vc_row full_width=&#8220;stretch_row&#8220; enable_first_overlay=&#8220;true&#8220; first_overlay_opacity=&#8220;25&#8243; css=&#8220;.vc_custom_1614083810495{padding-bottom: 0px !important;background-position: center !important;background-repeat: no-repeat !important;background-size: cover !important;}&#8220; el_id=&#8220;video&#8220;][vc_column alignment=&#8220;center&#8220;][vc_empty_space][vc_separator color=&#8220;custom&#8220; style=&#8220;dotted&#8220; border_width=&#8220;3&#8243; el_width=&#8220;90&#8243; accent_color=&#8220;#245b8c&#8220;][vc_empty_space][vc_column_text] \u00dcber uns [\/vc_column_text][vc_separator color=&#8220;custom&#8220; style=&#8220;dotted&#8220; border_width=&#8220;3&#8243; el_width=&#8220;10&#8243; accent_color=&#8220;#245b8c&#8220;][\/vc_column][\/vc_row][vc_row css=&#8220;.vc_custom_1481251098287{padding-top: 60px !important;}&#8220;][vc_column width=&#8220;1\/2&#8243; css=&#8220;.vc_custom_1483091625241{padding-top: 0px !important;}&#8220;][vc_empty_space][vc_column_text]Die Aufgaben des Stadtsportverbandes sind insbesondere: Sicherung der Zusammenarbeit allen seinen Mitgliedsvereine, Vertretung der Interessen seiner Mitglieder gegen\u00fcber den Beh\u00f6rden, Durchf\u00fchrung [&hellip;]\" \/>\n<meta property=\"og:url\" content=\"https:\/\/ssv-wesel.com\/index.php\/ueberuns\/\" \/>\n<meta property=\"og:site_name\" content=\"Stadtsportverband\" \/>\n<meta property=\"article:publisher\" content=\"https:\/\/www.facebook.com\/profile.php?id=100071110337033\" \/>\n<meta property=\"article:modified_time\" content=\"2023-09-11T08:27:36+00:00\" \/>\n<meta property=\"og:image\" content=\"https:\/\/ssv-wesel.com\/wp-content\/uploads\/2023\/03\/1.jpg\" \/>\n<meta name=\"twitter:card\" content=\"summary_large_image\" \/>\n<meta name=\"twitter:label1\" content=\"Gesch\u00e4tzte Lesezeit\" \/>\n\t<meta name=\"twitter:data1\" content=\"3\u00a0Minuten\" \/>\n<script type=\"application\/ld+json\" class=\"yoast-schema-graph\">{\"@context\":\"https:\\\/\\\/schema.org\",\"@graph\":[{\"@type\":\"WebPage\",\"@id\":\"https:\\\/\\\/ssv-wesel.com\\\/index.php\\\/ueberuns\\\/\",\"url\":\"https:\\\/\\\/ssv-wesel.com\\\/index.php\\\/ueberuns\\\/\",\"name\":\"\u00dcber uns\",\"isPartOf\":{\"@id\":\"https:\\\/\\\/ssv-wesel.com\\\/#website\"},\"primaryImageOfPage\":{\"@id\":\"https:\\\/\\\/ssv-wesel.com\\\/index.php\\\/ueberuns\\\/#primaryimage\"},\"image\":{\"@id\":\"https:\\\/\\\/ssv-wesel.com\\\/index.php\\\/ueberuns\\\/#primaryimage\"},\"thumbnailUrl\":\"https:\\\/\\\/ssv-wesel.com\\\/wp-content\\\/uploads\\\/2023\\\/03\\\/1.jpg\",\"datePublished\":\"2017-04-29T23:06:24+00:00\",\"dateModified\":\"2023-09-11T08:27:36+00:00\",\"breadcrumb\":{\"@id\":\"https:\\\/\\\/ssv-wesel.com\\\/index.php\\\/ueberuns\\\/#breadcrumb\"},\"inLanguage\":\"de\",\"potentialAction\":[{\"@type\":\"ReadAction\",\"target\":[\"https:\\\/\\\/ssv-wesel.com\\\/index.php\\\/ueberuns\\\/\"]}]},{\"@type\":\"ImageObject\",\"inLanguage\":\"de\",\"@id\":\"https:\\\/\\\/ssv-wesel.com\\\/index.php\\\/ueberuns\\\/#primaryimage\",\"url\":\"https:\\\/\\\/i0.wp.com\\\/ssv-wesel.com\\\/wp-content\\\/uploads\\\/2023\\\/03\\\/1.jpg?fit=82%2C80&ssl=1\",\"contentUrl\":\"https:\\\/\\\/i0.wp.com\\\/ssv-wesel.com\\\/wp-content\\\/uploads\\\/2023\\\/03\\\/1.jpg?fit=82%2C80&ssl=1\",\"width\":82,\"height\":80},{\"@type\":\"BreadcrumbList\",\"@id\":\"https:\\\/\\\/ssv-wesel.com\\\/index.php\\\/ueberuns\\\/#breadcrumb\",\"itemListElement\":[{\"@type\":\"ListItem\",\"position\":1,\"name\":\"Startseite\",\"item\":\"https:\\\/\\\/ssv-wesel.com\\\/\"},{\"@type\":\"ListItem\",\"position\":2,\"name\":\"\u00dcber uns\"}]},{\"@type\":\"WebSite\",\"@id\":\"https:\\\/\\\/ssv-wesel.com\\\/#website\",\"url\":\"https:\\\/\\\/ssv-wesel.com\\\/\",\"name\":\"Stadtsportverband\",\"description\":\"Wesel e. V.\",\"publisher\":{\"@id\":\"https:\\\/\\\/ssv-wesel.com\\\/#organization\"},\"potentialAction\":[{\"@type\":\"SearchAction\",\"target\":{\"@type\":\"EntryPoint\",\"urlTemplate\":\"https:\\\/\\\/ssv-wesel.com\\\/?s={search_term_string}\"},\"query-input\":{\"@type\":\"PropertyValueSpecification\",\"valueRequired\":true,\"valueName\":\"search_term_string\"}}],\"inLanguage\":\"de\"},{\"@type\":\"Organization\",\"@id\":\"https:\\\/\\\/ssv-wesel.com\\\/#organization\",\"name\":\"Stadtsportverband\",\"url\":\"https:\\\/\\\/ssv-wesel.com\\\/\",\"logo\":{\"@type\":\"ImageObject\",\"inLanguage\":\"de\",\"@id\":\"https:\\\/\\\/ssv-wesel.com\\\/#\\\/schema\\\/logo\\\/image\\\/\",\"url\":\"https:\\\/\\\/i0.wp.com\\\/ssv-wesel.com\\\/wp-content\\\/uploads\\\/2019\\\/11\\\/SSVLogo2020.webp?fit=520%2C179&ssl=1\",\"contentUrl\":\"https:\\\/\\\/i0.wp.com\\\/ssv-wesel.com\\\/wp-content\\\/uploads\\\/2019\\\/11\\\/SSVLogo2020.webp?fit=520%2C179&ssl=1\",\"width\":520,\"height\":179,\"caption\":\"Stadtsportverband\"},\"image\":{\"@id\":\"https:\\\/\\\/ssv-wesel.com\\\/#\\\/schema\\\/logo\\\/image\\\/\"},\"sameAs\":[\"https:\\\/\\\/www.facebook.com\\\/profile.php?id=100071110337033\"]}]}<\/script>\n<!-- \/ Yoast SEO plugin. -->","yoast_head_json":{"title":"\u00dcber uns","robots":{"index":"index","follow":"follow","max-snippet":"max-snippet:-1","max-image-preview":"max-image-preview:large","max-video-preview":"max-video-preview:-1"},"canonical":"https:\/\/ssv-wesel.com\/index.php\/ueberuns\/","og_locale":"de_DE","og_type":"article","og_title":"\u00dcber uns","og_description":"[vc_row full_width=&#8220;stretch_row&#8220; enable_first_overlay=&#8220;true&#8220; first_overlay_opacity=&#8220;25&#8243; css=&#8220;.vc_custom_1614083810495{padding-bottom: 0px !important;background-position: center !important;background-repeat: no-repeat !important;background-size: cover !important;}&#8220; el_id=&#8220;video&#8220;][vc_column alignment=&#8220;center&#8220;][vc_empty_space][vc_separator color=&#8220;custom&#8220; style=&#8220;dotted&#8220; border_width=&#8220;3&#8243; el_width=&#8220;90&#8243; accent_color=&#8220;#245b8c&#8220;][vc_empty_space][vc_column_text] \u00dcber uns [\/vc_column_text][vc_separator color=&#8220;custom&#8220; style=&#8220;dotted&#8220; border_width=&#8220;3&#8243; el_width=&#8220;10&#8243; accent_color=&#8220;#245b8c&#8220;][\/vc_column][\/vc_row][vc_row css=&#8220;.vc_custom_1481251098287{padding-top: 60px !important;}&#8220;][vc_column width=&#8220;1\/2&#8243; css=&#8220;.vc_custom_1483091625241{padding-top: 0px !important;}&#8220;][vc_empty_space][vc_column_text]Die Aufgaben des Stadtsportverbandes sind insbesondere: Sicherung der Zusammenarbeit allen seinen Mitgliedsvereine, Vertretung der Interessen seiner Mitglieder gegen\u00fcber den Beh\u00f6rden, Durchf\u00fchrung [&hellip;]","og_url":"https:\/\/ssv-wesel.com\/index.php\/ueberuns\/","og_site_name":"Stadtsportverband","article_publisher":"https:\/\/www.facebook.com\/profile.php?id=100071110337033","article_modified_time":"2023-09-11T08:27:36+00:00","og_image":[{"url":"https:\/\/ssv-wesel.com\/wp-content\/uploads\/2023\/03\/1.jpg","type":"","width":"","height":""}],"twitter_card":"summary_large_image","twitter_misc":{"Gesch\u00e4tzte Lesezeit":"3\u00a0Minuten"},"schema":{"@context":"https:\/\/schema.org","@graph":[{"@type":"WebPage","@id":"https:\/\/ssv-wesel.com\/index.php\/ueberuns\/","url":"https:\/\/ssv-wesel.com\/index.php\/ueberuns\/","name":"\u00dcber uns","isPartOf":{"@id":"https:\/\/ssv-wesel.com\/#website"},"primaryImageOfPage":{"@id":"https:\/\/ssv-wesel.com\/index.php\/ueberuns\/#primaryimage"},"image":{"@id":"https:\/\/ssv-wesel.com\/index.php\/ueberuns\/#primaryimage"},"thumbnailUrl":"https:\/\/ssv-wesel.com\/wp-content\/uploads\/2023\/03\/1.jpg","datePublished":"2017-04-29T23:06:24+00:00","dateModified":"2023-09-11T08:27:36+00:00","breadcrumb":{"@id":"https:\/\/ssv-wesel.com\/index.php\/ueberuns\/#breadcrumb"},"inLanguage":"de","potentialAction":[{"@type":"ReadAction","target":["https:\/\/ssv-wesel.com\/index.php\/ueberuns\/"]}]},{"@type":"ImageObject","inLanguage":"de","@id":"https:\/\/ssv-wesel.com\/index.php\/ueberuns\/#primaryimage","url":"https:\/\/i0.wp.com\/ssv-wesel.com\/wp-content\/uploads\/2023\/03\/1.jpg?fit=82%2C80&ssl=1","contentUrl":"https:\/\/i0.wp.com\/ssv-wesel.com\/wp-content\/uploads\/2023\/03\/1.jpg?fit=82%2C80&ssl=1","width":82,"height":80},{"@type":"BreadcrumbList","@id":"https:\/\/ssv-wesel.com\/index.php\/ueberuns\/#breadcrumb","itemListElement":[{"@type":"ListItem","position":1,"name":"Startseite","item":"https:\/\/ssv-wesel.com\/"},{"@type":"ListItem","position":2,"name":"\u00dcber uns"}]},{"@type":"WebSite","@id":"https:\/\/ssv-wesel.com\/#website","url":"https:\/\/ssv-wesel.com\/","name":"Stadtsportverband","description":"Wesel e. V.","publisher":{"@id":"https:\/\/ssv-wesel.com\/#organization"},"potentialAction":[{"@type":"SearchAction","target":{"@type":"EntryPoint","urlTemplate":"https:\/\/ssv-wesel.com\/?s={search_term_string}"},"query-input":{"@type":"PropertyValueSpecification","valueRequired":true,"valueName":"search_term_string"}}],"inLanguage":"de"},{"@type":"Organization","@id":"https:\/\/ssv-wesel.com\/#organization","name":"Stadtsportverband","url":"https:\/\/ssv-wesel.com\/","logo":{"@type":"ImageObject","inLanguage":"de","@id":"https:\/\/ssv-wesel.com\/#\/schema\/logo\/image\/","url":"https:\/\/i0.wp.com\/ssv-wesel.com\/wp-content\/uploads\/2019\/11\/SSVLogo2020.webp?fit=520%2C179&ssl=1","contentUrl":"https:\/\/i0.wp.com\/ssv-wesel.com\/wp-content\/uploads\/2019\/11\/SSVLogo2020.webp?fit=520%2C179&ssl=1","width":520,"height":179,"caption":"Stadtsportverband"},"image":{"@id":"https:\/\/ssv-wesel.com\/#\/schema\/logo\/image\/"},"sameAs":["https:\/\/www.facebook.com\/profile.php?id=100071110337033"]}]}},"jetpack_sharing_enabled":true,"_links":{"self":[{"href":"https:\/\/ssv-wesel.com\/index.php\/wp-json\/wp\/v2\/pages\/24763","targetHints":{"allow":["GET"]}}],"collection":[{"href":"https:\/\/ssv-wesel.com\/index.php\/wp-json\/wp\/v2\/pages"}],"about":[{"href":"https:\/\/ssv-wesel.com\/index.php\/wp-json\/wp\/v2\/types\/page"}],"author":[{"embeddable":true,"href":"https:\/\/ssv-wesel.com\/index.php\/wp-json\/wp\/v2\/users\/1"}],"replies":[{"embeddable":true,"href":"https:\/\/ssv-wesel.com\/index.php\/wp-json\/wp\/v2\/comments?post=24763"}],"version-history":[{"count":0,"href":"https:\/\/ssv-wesel.com\/index.php\/wp-json\/wp\/v2\/pages\/24763\/revisions"}],"wp:attachment":[{"href":"https:\/\/ssv-wesel.com\/index.php\/wp-json\/wp\/v2\/media?parent=24763"}],"curies":[{"name":"wp","href":"https:\/\/api.w.org\/{rel}","templated":true}]}}